{"id":4887,"date":"2022-04-26T19:31:26","date_gmt":"2022-04-26T19:31:26","guid":{"rendered":"https:\/\/web.dev.phoenixtechsa.com\/?page_id=4887"},"modified":"2022-04-27T14:03:42","modified_gmt":"2022-04-27T14:03:42","slug":"soluciones-y-servicios","status":"publish","type":"page","link":"https:\/\/phoenixtechsa.com\/index.php\/soluciones-y-servicios\/","title":{"rendered":"Soluciones y Servicios"},"content":{"rendered":"\t\t<div data-elementor-type=\"wp-page\" data-elementor-id=\"4887\" class=\"elementor elementor-4887\" data-elementor-settings=\"[]\">\n\t\t\t\t\t\t\t<div class=\"elementor-section-wrap\">\n\t\t\t\t\t\t\t<section class=\"elementor-section elementor-top-section elementor-element elementor-element-dd9ef35 elementor-section-boxed elementor-section-height-default elementor-section-height-default\" data-id=\"dd9ef35\" data-element_type=\"section\">\n\t\t\t\t\t\t<div class=\"elementor-container elementor-column-gap-default\">\n\t\t\t\t\t<div class=\"elementor-column elementor-col-50 elementor-top-column elementor-element elementor-element-3e35f3f ot-flex-column-vertical\" data-id=\"3e35f3f\" data-element_type=\"column\">\n\t\t\t<div class=\"elementor-widget-wrap elementor-element-populated\">\n\t\t\t\t\t\t\t\t<div class=\"elementor-element elementor-element-8712b1f elementor-widget elementor-widget-image\" data-id=\"8712b1f\" data-element_type=\"widget\" data-widget_type=\"image.default\">\n\t\t\t\t<div class=\"elementor-widget-container\">\n\t\t\t<style>\/*! elementor - v3.5.3 - 28-12-2021 *\/\n.elementor-widget-image{text-align:center}.elementor-widget-image a{display:inline-block}.elementor-widget-image a img[src$=\".svg\"]{width:48px}.elementor-widget-image img{vertical-align:middle;display:inline-block}<\/style>\t\t\t\t\t\t\t\t\t\t\t\t<img decoding=\"async\" width=\"951\" height=\"523\" src=\"https:\/\/phoenixtechsa.com\/wp-content\/uploads\/2020\/02\/image1-home6.png\" class=\"attachment-full size-full\" alt=\"\" srcset=\"https:\/\/phoenixtechsa.com\/wp-content\/uploads\/2020\/02\/image1-home6.png 951w, https:\/\/phoenixtechsa.com\/wp-content\/uploads\/2020\/02\/image1-home6-600x330.png 600w, https:\/\/phoenixtechsa.com\/wp-content\/uploads\/2020\/02\/image1-home6-300x165.png 300w, https:\/\/phoenixtechsa.com\/wp-content\/uploads\/2020\/02\/image1-home6-768x422.png 768w\" sizes=\"(max-width: 951px) 100vw, 951px\" \/>\t\t\t\t\t\t\t\t\t\t\t\t\t\t\t<\/div>\n\t\t\t\t<\/div>\n\t\t\t\t\t<\/div>\n\t\t<\/div>\n\t\t\t\t<div class=\"elementor-column elementor-col-50 elementor-top-column elementor-element elementor-element-01d731c ot-flex-column-vertical\" data-id=\"01d731c\" data-element_type=\"column\">\n\t\t\t<div class=\"elementor-widget-wrap elementor-element-populated\">\n\t\t\t\t\t\t\t\t<div class=\"elementor-element elementor-element-c78a54a elementor-widget elementor-widget-iheading\" data-id=\"c78a54a\" data-element_type=\"widget\" data-widget_type=\"iheading.default\">\n\t\t\t\t<div class=\"elementor-widget-container\">\n\t\t\t\t\t<div class=\"ot-heading left-align\">\r\n\t\t\t\r\n\t\t\t\t\r\n\r\n\t        \t            <h6 class=\"sub-heading\"><span>Servicio<\/span><\/h6>\r\n\t         \r\n\r\n\t        \t        \t<h2 class=\"main-heading\">Productos a la medida<\/h2>\r\n\t        \t    <\/div>\r\n\t    \t\t<\/div>\n\t\t\t\t<\/div>\n\t\t\t\t<div class=\"elementor-element elementor-element-74bba21 elementor-widget elementor-widget-text-editor\" data-id=\"74bba21\" data-element_type=\"widget\" data-widget_type=\"text-editor.default\">\n\t\t\t\t<div class=\"elementor-widget-container\">\n\t\t\t<style>\/*! elementor - v3.5.3 - 28-12-2021 *\/\n.elementor-widget-text-editor.elementor-drop-cap-view-stacked .elementor-drop-cap{background-color:#818a91;color:#fff}.elementor-widget-text-editor.elementor-drop-cap-view-framed .elementor-drop-cap{color:#818a91;border:3px solid;background-color:transparent}.elementor-widget-text-editor:not(.elementor-drop-cap-view-default) .elementor-drop-cap{margin-top:8px}.elementor-widget-text-editor:not(.elementor-drop-cap-view-default) .elementor-drop-cap-letter{width:1em;height:1em}.elementor-widget-text-editor .elementor-drop-cap{float:left;text-align:center;line-height:1;font-size:50px}.elementor-widget-text-editor .elementor-drop-cap-letter{display:inline-block}<\/style>\t\t\t\t<ul><li>Websites<\/li><li>E-Commerces<\/li><li>Landing Pages<\/li><li>Sistemas Web Administrativos<\/li><li>Aplicaciones M\u00f3viles<\/li><li>Sistemas Multiplataforma<\/li><li>Especialistas en sistemas de Delivery, env\u00edos de paquetes, servicios profesionales, servicios de transporte georeferenciado, \u00abCall Centers\u00bb, procesos industriales y comerciales.<\/li><\/ul>\t\t\t\t\t\t<\/div>\n\t\t\t\t<\/div>\n\t\t\t\t\t<\/div>\n\t\t<\/div>\n\t\t\t\t\t\t\t<\/div>\n\t\t<\/section>\n\t\t\t\t<section class=\"elementor-section elementor-top-section elementor-element elementor-element-31766fe elementor-section-boxed elementor-section-height-default elementor-section-height-default\" data-id=\"31766fe\" data-element_type=\"section\">\n\t\t\t\t\t\t<div class=\"elementor-container elementor-column-gap-default\">\n\t\t\t\t\t<div class=\"elementor-column elementor-col-50 elementor-top-column elementor-element elementor-element-c6485a6 ot-flex-column-vertical\" data-id=\"c6485a6\" data-element_type=\"column\">\n\t\t\t<div class=\"elementor-widget-wrap elementor-element-populated\">\n\t\t\t\t\t\t\t\t<div class=\"elementor-element elementor-element-621f675 elementor-widget elementor-widget-iheading\" data-id=\"621f675\" data-element_type=\"widget\" data-widget_type=\"iheading.default\">\n\t\t\t\t<div class=\"elementor-widget-container\">\n\t\t\t\t\t<div class=\"ot-heading left-align\">\r\n\t\t\t\r\n\t\t\t\t\r\n\r\n\t        \t            <h6 class=\"sub-heading\"><span>Servicio<\/span><\/h6>\r\n\t         \r\n\r\n\t        \t        \t<h2 class=\"main-heading\">Soporte T\u00e9cnico Especializado\n<\/h2>\r\n\t        \t    <\/div>\r\n\t    \t\t<\/div>\n\t\t\t\t<\/div>\n\t\t\t\t<div class=\"elementor-element elementor-element-1885425 elementor-widget elementor-widget-text-editor\" data-id=\"1885425\" data-element_type=\"widget\" data-widget_type=\"text-editor.default\">\n\t\t\t\t<div class=\"elementor-widget-container\">\n\t\t\t\t\t\t\t<ul><li>Actualizaci\u00f3n tecnol\u00f3gica<\/li><li>Optimizaci\u00f3n de sistemas<\/li><li>An\u00e1lisis e Incorporaci\u00f3n de Adecuaciones y Mejoras a sistemas<\/li><li>Modelado y Optimizaci\u00f3n de BBDD<\/li><li>Debugging y Resoluci\u00f3n de bugs e issues<\/li><li>Aseguramiento de la Calidad (QA)<\/li><li>Alojamiento de sistemas (hosting)<\/li><li>Administraci\u00f3n de Servidores<\/li><li>Adquisici\u00f3n y administraci\u00f3n de Dominios\u00a0<\/li><li>Migraci\u00f3n de sistemas y BBDD&#8217;s<\/li><\/ul>\t\t\t\t\t\t<\/div>\n\t\t\t\t<\/div>\n\t\t\t\t\t<\/div>\n\t\t<\/div>\n\t\t\t\t<div class=\"elementor-column elementor-col-50 elementor-top-column elementor-element elementor-element-cdc5ee7 ot-flex-column-vertical\" data-id=\"cdc5ee7\" data-element_type=\"column\">\n\t\t\t<div class=\"elementor-widget-wrap elementor-element-populated\">\n\t\t\t\t\t\t\t\t<div class=\"elementor-element elementor-element-7d54b15 elementor-widget elementor-widget-image\" data-id=\"7d54b15\" data-element_type=\"widget\" data-widget_type=\"image.default\">\n\t\t\t\t<div class=\"elementor-widget-container\">\n\t\t\t\t\t\t\t\t\t\t\t\t\t\t\t<img decoding=\"async\" width=\"954\" height=\"707\" src=\"https:\/\/phoenixtechsa.com\/wp-content\/uploads\/2020\/02\/header-home4.png\" class=\"attachment-large size-large\" alt=\"\" srcset=\"https:\/\/phoenixtechsa.com\/wp-content\/uploads\/2020\/02\/header-home4.png 954w, https:\/\/phoenixtechsa.com\/wp-content\/uploads\/2020\/02\/header-home4-600x445.png 600w, https:\/\/phoenixtechsa.com\/wp-content\/uploads\/2020\/02\/header-home4-300x222.png 300w, https:\/\/phoenixtechsa.com\/wp-content\/uploads\/2020\/02\/header-home4-768x569.png 768w\" sizes=\"(max-width: 954px) 100vw, 954px\" \/>\t\t\t\t\t\t\t\t\t\t\t\t\t\t\t<\/div>\n\t\t\t\t<\/div>\n\t\t\t\t\t<\/div>\n\t\t<\/div>\n\t\t\t\t\t\t\t<\/div>\n\t\t<\/section>\n\t\t\t\t<section class=\"elementor-section elementor-top-section elementor-element elementor-element-5f662e2 elementor-section-boxed elementor-section-height-default elementor-section-height-default\" data-id=\"5f662e2\" data-element_type=\"section\">\n\t\t\t\t\t\t<div class=\"elementor-container elementor-column-gap-default\">\n\t\t\t\t\t<div class=\"elementor-column elementor-col-50 elementor-top-column elementor-element elementor-element-eac1d95 ot-flex-column-vertical\" data-id=\"eac1d95\" data-element_type=\"column\">\n\t\t\t<div class=\"elementor-widget-wrap elementor-element-populated\">\n\t\t\t\t\t\t\t\t<div class=\"elementor-element elementor-element-15d69c3 elementor-widget elementor-widget-image\" data-id=\"15d69c3\" data-element_type=\"widget\" data-widget_type=\"image.default\">\n\t\t\t\t<div class=\"elementor-widget-container\">\n\t\t\t\t\t\t\t\t\t\t\t\t\t\t\t<img decoding=\"async\" width=\"1024\" height=\"520\" src=\"https:\/\/phoenixtechsa.com\/wp-content\/uploads\/2020\/02\/image2-home6-1024x520.png\" class=\"attachment-large size-large\" alt=\"\" srcset=\"https:\/\/phoenixtechsa.com\/wp-content\/uploads\/2020\/02\/image2-home6-1024x520.png 1024w, https:\/\/phoenixtechsa.com\/wp-content\/uploads\/2020\/02\/image2-home6-600x305.png 600w, https:\/\/phoenixtechsa.com\/wp-content\/uploads\/2020\/02\/image2-home6-300x152.png 300w, https:\/\/phoenixtechsa.com\/wp-content\/uploads\/2020\/02\/image2-home6-768x390.png 768w, https:\/\/phoenixtechsa.com\/wp-content\/uploads\/2020\/02\/image2-home6.png 1069w\" sizes=\"(max-width: 1024px) 100vw, 1024px\" \/>\t\t\t\t\t\t\t\t\t\t\t\t\t\t\t<\/div>\n\t\t\t\t<\/div>\n\t\t\t\t\t<\/div>\n\t\t<\/div>\n\t\t\t\t<div class=\"elementor-column elementor-col-50 elementor-top-column elementor-element elementor-element-8e46d67 ot-flex-column-vertical\" data-id=\"8e46d67\" data-element_type=\"column\">\n\t\t\t<div class=\"elementor-widget-wrap elementor-element-populated\">\n\t\t\t\t\t\t\t\t<div class=\"elementor-element elementor-element-307d7d5 elementor-widget elementor-widget-iheading\" data-id=\"307d7d5\" data-element_type=\"widget\" data-widget_type=\"iheading.default\">\n\t\t\t\t<div class=\"elementor-widget-container\">\n\t\t\t\t\t<div class=\"ot-heading left-align\">\r\n\t\t\t\r\n\t\t\t\t\r\n\r\n\t        \t            <h6 class=\"sub-heading\"><span>Servicio<\/span><\/h6>\r\n\t         \r\n\r\n\t        \t        \t<h2 class=\"main-heading\">Integraci\u00f3n de Soluciones<\/h2>\r\n\t        \t    <\/div>\r\n\t    \t\t<\/div>\n\t\t\t\t<\/div>\n\t\t\t\t<div class=\"elementor-element elementor-element-a35c6fe elementor-widget elementor-widget-text-editor\" data-id=\"a35c6fe\" data-element_type=\"widget\" data-widget_type=\"text-editor.default\">\n\t\t\t\t<div class=\"elementor-widget-container\">\n\t\t\t\t\t\t\t<ul><li>Integraci\u00f3n de API&#8217;s, servicios y Microservicios externos<\/li><li>Construcci\u00f3n, publicaci\u00f3n y administraci\u00f3n de API&#8217;s y Microservicios para sistemas externos<\/li><li>Integraci\u00f3n de pasarelas de Pago: PayPal, WePay, TDC&#8217;s, Yappi, Stripe, Transferencias<\/li><li>Integraci\u00f3n de Facturaci\u00f3n Electr\u00f3nica<\/li><li>Integraci\u00f3n con MercadoLibre, WooComerce, ShopiFy, TiendaNubey otros e-commerces.<\/li><\/ul>\t\t\t\t\t\t<\/div>\n\t\t\t\t<\/div>\n\t\t\t\t\t<\/div>\n\t\t<\/div>\n\t\t\t\t\t\t\t<\/div>\n\t\t<\/section>\n\t\t\t\t<section class=\"elementor-section elementor-top-section elementor-element elementor-element-2a67a8b elementor-section-boxed elementor-section-height-default elementor-section-height-default\" data-id=\"2a67a8b\" data-element_type=\"section\">\n\t\t\t\t\t\t<div class=\"elementor-container elementor-column-gap-default\">\n\t\t\t\t\t<div class=\"elementor-column elementor-col-50 elementor-top-column elementor-element elementor-element-01c1d11 ot-flex-column-vertical\" data-id=\"01c1d11\" data-element_type=\"column\">\n\t\t\t<div class=\"elementor-widget-wrap elementor-element-populated\">\n\t\t\t\t\t\t\t\t<div class=\"elementor-element elementor-element-445e1b2 elementor-widget elementor-widget-iheading\" data-id=\"445e1b2\" data-element_type=\"widget\" data-widget_type=\"iheading.default\">\n\t\t\t\t<div class=\"elementor-widget-container\">\n\t\t\t\t\t<div class=\"ot-heading left-align\">\r\n\t\t\t\r\n\t\t\t\t\r\n\r\n\t        \t            <h6 class=\"sub-heading\"><span>Servicio<\/span><\/h6>\r\n\t         \r\n\r\n\t        \t        \t<h2 class=\"main-heading\">Asesor\u00edas y\u00a0Acompa\u00f1amiento<\/h2>\r\n\t        \t    <\/div>\r\n\t    \t\t<\/div>\n\t\t\t\t<\/div>\n\t\t\t\t<div class=\"elementor-element elementor-element-9507a54 elementor-widget elementor-widget-text-editor\" data-id=\"9507a54\" data-element_type=\"widget\" data-widget_type=\"text-editor.default\">\n\t\t\t\t<div class=\"elementor-widget-container\">\n\t\t\t\t\t\t\t<ul>\n<li>Soluciones tecnol\u00f3gicas para su negocio y empresa<\/li>\n<li>Requerimientos tecnol\u00f3gicos de su actividad econ\u00f3mica<\/li>\n<li>Dise\u00f1o de soluciones integradas y multiplataforma para su necesidad de crecimiento<\/li>\n<li>Desarrollo e implementaci\u00f3n escalada de soluciones tecnol\u00f3gicas en su proceso de producci\u00f3n<\/li>\n<li>Puesta en Producci\u00f3n de nuevas soluciones para su negocio y empresa<\/li>\n<li>Integraci\u00f3n de nuevas herramientas y pr\u00e1cticas tecnol\u00f3gicas para su cadena de producci\u00f3n<\/li>\n<\/ul>\t\t\t\t\t\t<\/div>\n\t\t\t\t<\/div>\n\t\t\t\t\t<\/div>\n\t\t<\/div>\n\t\t\t\t<div class=\"elementor-column elementor-col-50 elementor-top-column elementor-element elementor-element-1b95f84 ot-flex-column-vertical\" data-id=\"1b95f84\" data-element_type=\"column\">\n\t\t\t<div class=\"elementor-widget-wrap elementor-element-populated\">\n\t\t\t\t\t\t\t\t<div class=\"elementor-element elementor-element-491fc99 elementor-widget elementor-widget-image\" data-id=\"491fc99\" data-element_type=\"widget\" data-widget_type=\"image.default\">\n\t\t\t\t<div class=\"elementor-widget-container\">\n\t\t\t\t\t\t\t\t\t\t\t\t\t\t\t<img decoding=\"async\" width=\"754\" height=\"684\" src=\"https:\/\/phoenixtechsa.com\/wp-content\/uploads\/2020\/02\/image2-home4.png\" class=\"attachment-large size-large\" alt=\"\" srcset=\"https:\/\/phoenixtechsa.com\/wp-content\/uploads\/2020\/02\/image2-home4.png 754w, https:\/\/phoenixtechsa.com\/wp-content\/uploads\/2020\/02\/image2-home4-600x544.png 600w, https:\/\/phoenixtechsa.com\/wp-content\/uploads\/2020\/02\/image2-home4-300x272.png 300w\" sizes=\"(max-width: 754px) 100vw, 754px\" \/>\t\t\t\t\t\t\t\t\t\t\t\t\t\t\t<\/div>\n\t\t\t\t<\/div>\n\t\t\t\t\t<\/div>\n\t\t<\/div>\n\t\t\t\t\t\t\t<\/div>\n\t\t<\/section>\n\t\t\t\t<section class=\"elementor-section elementor-top-section elementor-element elementor-element-52e8536 elementor-section-boxed elementor-section-height-default elementor-section-height-default\" data-id=\"52e8536\" data-element_type=\"section\">\n\t\t\t\t\t\t<div class=\"elementor-container elementor-column-gap-default\">\n\t\t\t\t\t<div class=\"elementor-column elementor-col-50 elementor-top-column elementor-element elementor-element-bd4cccf ot-flex-column-vertical\" data-id=\"bd4cccf\" data-element_type=\"column\">\n\t\t\t<div class=\"elementor-widget-wrap elementor-element-populated\">\n\t\t\t\t\t\t\t\t<div class=\"elementor-element elementor-element-f08f12b elementor-widget elementor-widget-image\" data-id=\"f08f12b\" data-element_type=\"widget\" data-widget_type=\"image.default\">\n\t\t\t\t<div class=\"elementor-widget-container\">\n\t\t\t\t\t\t\t\t\t\t\t\t\t\t\t<img decoding=\"async\" width=\"890\" height=\"569\" src=\"https:\/\/phoenixtechsa.com\/wp-content\/uploads\/2020\/02\/image-banner-home6.png\" class=\"attachment-large size-large\" alt=\"\" srcset=\"https:\/\/phoenixtechsa.com\/wp-content\/uploads\/2020\/02\/image-banner-home6.png 890w, https:\/\/phoenixtechsa.com\/wp-content\/uploads\/2020\/02\/image-banner-home6-600x384.png 600w, https:\/\/phoenixtechsa.com\/wp-content\/uploads\/2020\/02\/image-banner-home6-300x192.png 300w, https:\/\/phoenixtechsa.com\/wp-content\/uploads\/2020\/02\/image-banner-home6-768x491.png 768w\" sizes=\"(max-width: 890px) 100vw, 890px\" \/>\t\t\t\t\t\t\t\t\t\t\t\t\t\t\t<\/div>\n\t\t\t\t<\/div>\n\t\t\t\t\t<\/div>\n\t\t<\/div>\n\t\t\t\t<div class=\"elementor-column elementor-col-50 elementor-top-column elementor-element elementor-element-97dda6f ot-flex-column-vertical\" data-id=\"97dda6f\" data-element_type=\"column\">\n\t\t\t<div class=\"elementor-widget-wrap elementor-element-populated\">\n\t\t\t\t\t\t\t\t<div class=\"elementor-element elementor-element-8f18afd elementor-widget elementor-widget-iheading\" data-id=\"8f18afd\" data-element_type=\"widget\" data-widget_type=\"iheading.default\">\n\t\t\t\t<div class=\"elementor-widget-container\">\n\t\t\t\t\t<div class=\"ot-heading left-align\">\r\n\t\t\t\r\n\t\t\t\t\r\n\r\n\t        \t            <h6 class=\"sub-heading\"><span>Servicio<\/span><\/h6>\r\n\t         \r\n\r\n\t        \t        \t<h2 class=\"main-heading\">Capacitaci\u00f3n<\/h2>\r\n\t        \t    <\/div>\r\n\t    \t\t<\/div>\n\t\t\t\t<\/div>\n\t\t\t\t<div class=\"elementor-element elementor-element-eb69836 elementor-widget elementor-widget-text-editor\" data-id=\"eb69836\" data-element_type=\"widget\" data-widget_type=\"text-editor.default\">\n\t\t\t\t<div class=\"elementor-widget-container\">\n\t\t\t\t\t\t\t<ul><li>Implementaci\u00f3n de recursos tecnol\u00f3gicos<\/li><li>Uso de sistemas multiplataforma<\/li><li>Manejo y administraci\u00f3n de sistemas<\/li><li>Soluciones H\u00edbridas<\/li><li>Desarrollo web y m\u00f3vil para su negocio<\/li><\/ul>\t\t\t\t\t\t<\/div>\n\t\t\t\t<\/div>\n\t\t\t\t\t<\/div>\n\t\t<\/div>\n\t\t\t\t\t\t\t<\/div>\n\t\t<\/section>\n\t\t\t\t<section class=\"elementor-section elementor-top-section elementor-element elementor-element-7d4e4ec elementor-section-boxed elementor-section-height-default elementor-section-height-default\" data-id=\"7d4e4ec\" data-element_type=\"section\">\n\t\t\t\t\t\t<div class=\"elementor-container elementor-column-gap-default\">\n\t\t\t\t\t<div class=\"elementor-column elementor-col-100 elementor-top-column elementor-element elementor-element-077284a ot-flex-column-vertical\" data-id=\"077284a\" data-element_type=\"column\">\n\t\t\t<div class=\"elementor-widget-wrap elementor-element-populated\">\n\t\t\t\t\t\t\t\t<div class=\"elementor-element elementor-element-918989a elementor-widget elementor-widget-iservice_slider\" data-id=\"918989a\" data-element_type=\"widget\" data-widget_type=\"iservice_slider.default\">\n\t\t\t\t<div class=\"elementor-widget-container\">\n\t\t\t\r\n\t\t<div class=\"ot-service_carousel service__carousel-outside\">\r\n\r\n\t\t\t\t\t\t\t<div class=\"container\">\r\n\t\t\t\t\t<div class=\"row\">\r\n\t\t\t\t\t\t<div class=\"col-md-12\">\r\n\t\t\t\t\t\t\t<div class=\"heading-service-carousel onum-row-flex content-bottom\">\r\n\t\t\t\t\t\t\t\t<div class=\"ot-heading left-align wrap__text_stroke\">\r\n\t\t\t\t\t\t\t\t\t\t\t\t\t\t\t\t\t\t\t<div class=\"heading__text_stroke\">Web 2.0<\/div>\r\n\t\t\t\t\t\t\t\t\t\t\t\t\t\t\t\t\t\t \r\n\r\n\t\t\t\t\t\t\t        \t\t\t\t\t\t\t        \t<h2 class=\"main-heading\">Somos una empresa de <br> desarrollo de soluciones tecnol\u00f3gicas\n<\/h2>\r\n\t\t\t\t\t\t\t        \t\t\t\t\t\t\t    <\/div>\r\n\t\t\t\t\t\t\t\t<div class=\"service-slider-nav-1\"><\/div>\t\t\t\t\t\t\t<\/div>\r\n\t\t\t\t\t\t<\/div>\r\n\t\t\t\t\t<\/div>\t\r\n\t\t\t\t<\/div>\r\n\t\t\t\t\t\t<div class=\"container\"> \r\n\t\t\t\t<div class=\"service_carousel-wrap\">\t\t\r\n\t\t\t\t\t<div class=\"ot-service-slider\"  data-show=\"4\" data-scroll=\"1\" data-dots=\"false\" data-arrow=\"true\" data-autoplay=\"false\" data-autoplaySpeed=\"\">\r\n\t\t\t\t\t\t\t\t\t\t\t\t<div class=\"service-slide\">\r\n\t\t\t\t\t\t\t<div class=\"elementor-repeater-item-d0c6313 service-slide-inner\">\r\n\t\t\t\t\t\t\t\t<div class=\"service_carousel-icon\">\r\n\t\t\t\t\t\t\t\t\t\t\t\t\t\t\t\t\t<\/div>\r\n\t\t\t\t\t\t        <div class=\"service_carousel-content\">\r\n\t\t\t\t\t        \t\t<h5 class=\"service_carousel-title\">App Movil<\/h5>\t\t\t        \t\t\r\n\t\t\t\t\t\t        \t<div class=\"service_carousel-text\">Aplicaciones inform\u00e1ticas pensadas para dispositivos m\u00f3viles y tabletas<\/div>\t\t\t\t\t\t        \t<span class=\"service_carousel-number font-second\">01<\/span>\t\t\t\t\t\t        <\/div>\t\r\n\t\t\t\t\t        <\/div>\t\t\t        \r\n\t\t\t\t\t\t<\/div>\r\n\t\t\t\t\t\t\t\t\t\t\t\t<div class=\"service-slide\">\r\n\t\t\t\t\t\t\t<div class=\"elementor-repeater-item-cc8cd3e service-slide-inner\">\r\n\t\t\t\t\t\t\t\t<div class=\"service_carousel-icon\">\r\n\t\t\t\t\t\t\t\t\t\t\t\t\t\t\t\t\t<\/div>\r\n\t\t\t\t\t\t        <div class=\"service_carousel-content\">\r\n\t\t\t\t\t        \t\t<h5 class=\"service_carousel-title\">Sitios Web<\/h5>\t\t\t        \t\t\r\n\t\t\t\t\t\t        \t<div class=\"service_carousel-text\">Ten presencia en la web con nuestros excelentes dise\u00f1os <\/div>\t\t\t\t\t\t        \t<span class=\"service_carousel-number font-second\">02<\/span>\t\t\t\t\t\t        <\/div>\t\r\n\t\t\t\t\t        <\/div>\t\t\t        \r\n\t\t\t\t\t\t<\/div>\r\n\t\t\t\t\t\t\t\t\t\t\t\t<div class=\"service-slide\">\r\n\t\t\t\t\t\t\t<div class=\"elementor-repeater-item-53c2826 service-slide-inner\">\r\n\t\t\t\t\t\t\t\t<div class=\"service_carousel-icon\">\r\n\t\t\t\t\t\t\t\t\t\t\t\t\t\t\t\t\t<\/div>\r\n\t\t\t\t\t\t        <div class=\"service_carousel-content\">\r\n\t\t\t\t\t        \t\t<h5 class=\"service_carousel-title\">Redise\u00f1o<\/h5>\t\t\t        \t\t\r\n\t\t\t\t\t\t        \t<div class=\"service_carousel-text\">Si tienes una web actual\u00edzala con nosotros<\/div>\t\t\t\t\t\t        \t<span class=\"service_carousel-number font-second\">03<\/span>\t\t\t\t\t\t        <\/div>\t\r\n\t\t\t\t\t        <\/div>\t\t\t        \r\n\t\t\t\t\t\t<\/div>\r\n\t\t\t\t\t\t\t\t\t\t\t\t<div class=\"service-slide\">\r\n\t\t\t\t\t\t\t<div class=\"elementor-repeater-item-3785442 service-slide-inner\">\r\n\t\t\t\t\t\t\t\t<div class=\"service_carousel-icon\">\r\n\t\t\t\t\t\t\t\t\t\t\t\t\t\t\t\t\t<\/div>\r\n\t\t\t\t\t\t        <div class=\"service_carousel-content\">\r\n\t\t\t\t\t        \t\t<h5 class=\"service_carousel-title\">Automatizaci\u00f3n<\/h5>\t\t\t        \t\t\r\n\t\t\t\t\t\t        \t<div class=\"service_carousel-text\">Actualiza tu sistema para tener mejor eficiencia en tu negocio<\/div>\t\t\t\t\t\t        \t<span class=\"service_carousel-number font-second\">04<\/span>\t\t\t\t\t\t        <\/div>\t\r\n\t\t\t\t\t        <\/div>\t\t\t        \r\n\t\t\t\t\t\t<\/div>\r\n\t\t\t\t\t\t\t\t\t\t\t<\/div>\t\r\n\t\t\t\t\t\t\t\t\t<\/div>\t\r\n\t\t\t<\/div>\t\t\t\t\r\n\t\t<\/div>\t\t\r\n\r\n\t    \t\t<\/div>\n\t\t\t\t<\/div>\n\t\t\t\t\t<\/div>\n\t\t<\/div>\n\t\t\t\t\t\t\t<\/div>\n\t\t<\/section>\n\t\t\t\t\t\t<\/div>\n\t\t\t\t\t<\/div>\n\t\t","protected":false},"excerpt":{"rendered":"<p>Servicio Productos a la medida Websites E-Commerces Landing Pages Sistemas Web Administrativos Aplicaciones M\u00f3viles Sistemas Multiplataforma Especialistas en sistemas de Delivery, env\u00edos de paquetes, servicios profesionales, servicios de transporte georeferenciado, \u00abCall Centers\u00bb, procesos industriales y comerciales. Servicio Soporte T\u00e9cnico Especializado Actualizaci\u00f3n tecnol\u00f3gica Optimizaci\u00f3n de sistemas An\u00e1lisis e Incorporaci\u00f3n de Adecuaciones y Mejoras a sistemas Modelado [&hellip;]<\/p>\n","protected":false},"author":1,"featured_media":0,"parent":0,"menu_order":0,"comment_status":"closed","ping_status":"closed","template":"","meta":{"_joinchat":[]},"_links":{"self":[{"href":"https:\/\/phoenixtechsa.com\/index.php\/wp-json\/wp\/v2\/pages\/4887"}],"collection":[{"href":"https:\/\/phoenixtechsa.com\/index.php\/wp-json\/wp\/v2\/pages"}],"about":[{"href":"https:\/\/phoenixtechsa.com\/index.php\/wp-json\/wp\/v2\/types\/page"}],"author":[{"embeddable":true,"href":"https:\/\/phoenixtechsa.com\/index.php\/wp-json\/wp\/v2\/users\/1"}],"replies":[{"embeddable":true,"href":"https:\/\/phoenixtechsa.com\/index.php\/wp-json\/wp\/v2\/comments?post=4887"}],"version-history":[{"count":0,"href":"https:\/\/phoenixtechsa.com\/index.php\/wp-json\/wp\/v2\/pages\/4887\/revisions"}],"wp:attachment":[{"href":"https:\/\/phoenixtechsa.com\/index.php\/wp-json\/wp\/v2\/media?parent=4887"}],"curies":[{"name":"wp","href":"https:\/\/api.w.org\/{rel}","templated":true}]}}